{"id":455,"date":"2023-01-04T13:55:37","date_gmt":"2023-01-04T13:55:37","guid":{"rendered":"https:\/\/hatagro.hu\/?page_id=455"},"modified":"2023-01-04T14:15:23","modified_gmt":"2023-01-04T14:15:23","slug":"referenciak","status":"publish","type":"page","link":"https:\/\/hatagro.hu\/en\/referenciak\/","title":{"rendered":"Referenci\u00e1k"},"content":{"rendered":"<div id=\"gspb_row-id-gsbp-5bc13d42-870a\" class=\"gspb_row gspb_row-id-gsbp-5bc13d42-870a wp-block-greenshift-blocks-row gspb_row-id-gsbp-5bc13d42-870a\"><div class=\"gspb_row__content\"> \n<div id=\"gspb_col-id-gsbp-59529d6a-ef2e\" class=\"gspb_row__col--6 wp-block-greenshift-blocks-row-column  gspb_col-id-gsbp-59529d6a-ef2e\">\n<h2 id=\"gspb_heading-id-gsbp-e78fb6a1-9747\" class=\"gspb_heading gspb_heading-id-gsbp-e78fb6a1-9747\">Sikeres partnereink<\/h2>\n\n\n\n<h2 id=\"gspb_heading-id-gsbp-60758e76-045e\" class=\"gspb_heading gspb_heading-id-gsbp-60758e76-045e\">a baromfi- \u00e9s sert\u00e9steny\u00e9szt\u00e9sben<\/h2>\n\n\n\n<div id=\"gspb_text-id-gsbp-a68270eb-7c57\" class=\"gspb_text gspb_text-id-gsbp-a68270eb-7c57\">A vel\u00fcnk egy\u00fctt dolgoz\u00f3 sert\u00e9s \u00e9s baromfi telepeknek komplex megold\u00e1sokat ny\u00fajtunk a baromfi tart\u00e1stechnol\u00f3gia, menedzsment, k\u00e1rtev\u0151irt\u00e1s \u00e9s higi\u00e9nia ter\u00fclet\u00e9n. Kimagasl\u00f3 szak\u00e9rtelm\u00fcnk, valamint innovat\u00edv term\u00e9keink \u00e9s technol\u00f3gi\u00e1ink a k\u00f6z\u00f6s siker\u00fcnk kulcsa. Ismerje meg a HATAGRO partnereit!<\/div>\n<\/div>\n\n\n\n<div id=\"gspb_col-id-gsbp-2dc7dd80-f725\" class=\"gspb_row__col--6 wp-block-greenshift-blocks-row-column  gspb_col-id-gsbp-2dc7dd80-f725\"><\/div>\n <\/div><\/div>\n\n\n\n<div id=\"gspb_container-id-gsbp-2cd57056-b2ef\" class=\"gspb_container gspb_container-gsbp-2cd57056-b2ef wp-block-greenshift-blocks-container\">\n<div class=\"wp-block-greenshift-blocks-tabs gspb-tabs gspb_tabs-id-gsbp-141a527a-baec gstabs-pills\" data-autoplay=\"false\" data-autoplaytime=\"4\"><div class=\"t-btn-container\"><div class=\"t-btn active\"><div class=\"tabtitlelabel\">Baromfitart\u00e1s, technol\u00f3gia \u00e9s higi\u00e9nia<\/div><\/div><div class=\"t-btn\"><div class=\"tabtitlelabel\">Sert\u00e9start\u00e1s \u00e9s higi\u00e9nia<\/div><\/div><div class=\"t-btn\"><div class=\"tabtitlelabel\">K\u00e1rtev\u0151\u00edrt\u00e1s<\/div><\/div><\/div><div class=\"t-panel-container\"><div style=\"overflow:hidden\" class=\"gswipertabs\"><div class=\"swiper-wrapper\">\n<div aria-labelledby=\"gspb-tab-item-btn-gsbp-141a527a-baec-0\" id=\"gspb-tab-item-content-gsbp-141a527a-baec-0\" role=\"tabpanel\" tabindex=\"0\" class=\"t-panel swiper-slide active\"><div class=\"wp-block-greenshift-blocks-tab\">\t\t<div data-elementor-type=\"section\" data-elementor-id=\"441\" class=\"elementor elementor-441\" data-elementor-post-type=\"elementor_library\">\n\t\t\t\t\t<section class=\"elementor-section elementor-top-section elementor-element elementor-element-1b1bb03 elementor-section-boxed elementor-section-height-default elementor-section-height-default\" data-id=\"1b1bb03\" data-element_type=\"section\" data-e-type=\"section\" data-settings=\"{&quot;jet_parallax_layout_list&quot;:[]}\">\n\t\t\t\t\t\t<div class=\"elementor-container elementor-column-gap-default\">\n\t\t\t\t\t<div class=\"elementor-column elementor-col-100 elementor-top-column elementor-element elementor-element-3ab4af8\" data-id=\"3ab4af8\" data-element_type=\"column\" data-e-type=\"column\">\n\t\t\t<div class=\"elementor-widget-wrap elementor-element-populated\">\n\t\t\t\t\t\t\t<\/div>\n\t\t<\/div>\n\t\t\t\t\t<\/div>\n\t\t<\/section>\n\t\t\t\t<\/div>\n\t\t\n<\/div><\/div>\n\n\n\n<div aria-labelledby=\"gspb-tab-item-btn-gsbp-141a527a-baec-1\" id=\"gspb-tab-item-content-gsbp-141a527a-baec-1\" role=\"tabpanel\" tabindex=\"0\" class=\"t-panel swiper-slide\"><div class=\"wp-block-greenshift-blocks-tab\">\t\t<div data-elementor-type=\"section\" data-elementor-id=\"441\" class=\"elementor elementor-441\" data-elementor-post-type=\"elementor_library\">\n\t\t\t\t\t<section class=\"elementor-section elementor-top-section elementor-element elementor-element-1b1bb03 elementor-section-boxed elementor-section-height-default elementor-section-height-default\" data-id=\"1b1bb03\" data-element_type=\"section\" data-e-type=\"section\" data-settings=\"{&quot;jet_parallax_layout_list&quot;:[]}\">\n\t\t\t\t\t\t<div class=\"elementor-container elementor-column-gap-default\">\n\t\t\t\t\t<div class=\"elementor-column elementor-col-100 elementor-top-column elementor-element elementor-element-3ab4af8\" data-id=\"3ab4af8\" data-element_type=\"column\" data-e-type=\"column\">\n\t\t\t<div class=\"elementor-widget-wrap elementor-element-populated\">\n\t\t\t\t\t\t\t<\/div>\n\t\t<\/div>\n\t\t\t\t\t<\/div>\n\t\t<\/section>\n\t\t\t\t<\/div>\n\t\t\n<\/div><\/div>\n\n\n\n<div aria-labelledby=\"gspb-tab-item-btn-gsbp-141a527a-baec-2\" id=\"gspb-tab-item-content-gsbp-141a527a-baec-2\" role=\"tabpanel\" tabindex=\"0\" class=\"t-panel swiper-slide\"><div class=\"wp-block-greenshift-blocks-tab\">\t\t<div data-elementor-type=\"section\" data-elementor-id=\"441\" class=\"elementor elementor-441\" data-elementor-post-type=\"elementor_library\">\n\t\t\t\t\t<section class=\"elementor-section elementor-top-section elementor-element elementor-element-1b1bb03 elementor-section-boxed elementor-section-height-default elementor-section-height-default\" data-id=\"1b1bb03\" data-element_type=\"section\" data-e-type=\"section\" data-settings=\"{&quot;jet_parallax_layout_list&quot;:[]}\">\n\t\t\t\t\t\t<div class=\"elementor-container elementor-column-gap-default\">\n\t\t\t\t\t<div class=\"elementor-column elementor-col-100 elementor-top-column elementor-element elementor-element-3ab4af8\" data-id=\"3ab4af8\" data-element_type=\"column\" data-e-type=\"column\">\n\t\t\t<div class=\"elementor-widget-wrap elementor-element-populated\">\n\t\t\t\t\t\t\t<\/div>\n\t\t<\/div>\n\t\t\t\t\t<\/div>\n\t\t<\/section>\n\t\t\t\t<\/div>\n\t\t\n<\/div><\/div>\n<\/div><\/div><\/div><\/div>\n<\/div>\n\n\n<style><\/style><style><\/style>","protected":false},"excerpt":{"rendered":"","protected":false},"author":2,"featured_media":0,"parent":0,"menu_order":0,"comment_status":"closed","ping_status":"closed","template":"","meta":{"_gspb_post_css":"@import url(https:\/\/fonts.googleapis.com\/css?family=Montserrat:700|Montserrat|Montserrat|Montserrat|Montserrat|Montserrat:600);@keyframes gcwidthleftright{0%{width:0%}to{width:100%}}@keyframes gcslidefromtop{0%{transform:translateY(-10px);opacity:0}to{transform:translateY(0);opacity:1}}#gspb_heading-id-gsbp-e78fb6a1-9747,#gspb_heading-id-gsbp-e78fb6a1-9747 .wp-block{font-weight:700;font-family:Montserrat,sans-serif;font-size:46px;line-height:56px;color:var(--base-3)}#gspb_heading-id-gsbp-60758e76-045e,#gspb_heading-id-gsbp-60758e76-045e .wp-block{font-weight:400;font-family:Montserrat,sans-serif;font-size:24px;line-height:42px;color:var(--base-3)}.gspb_text-id-gsbp-a68270eb-7c57,.gspb_text-id-gsbp-a68270eb-7c57 .wp-block{font-weight:400;font-family:Montserrat,sans-serif;font-size:14px;line-height:26px;color:var(--base-3)}.gspb_text-id-gsbp-a68270eb-7c57{padding-top:0;padding-right:4em;padding-left:0}#gspb_col-id-gsbp-59529d6a-ef2e.gspb_row__col--6{width:50%}@media (max-width:575.98px){#gspb_col-id-gsbp-59529d6a-ef2e.gspb_row__col--6{width:100%}}#gspb_col-id-gsbp-2dc7dd80-f725.gspb_row__col--6{width:50%}@media (max-width:575.98px){#gspb_col-id-gsbp-2dc7dd80-f725.gspb_row__col--6{width:100%}}#gspb_row-id-gsbp-5bc13d42-870a.gspb_row{justify-content:space-between;margin-top:0;margin-bottom:0;position:relative;display:flex;flex-wrap:wrap;min-height:650px;padding-top:8em;padding-bottom:3em;background-size:cover;background-repeat:no-repeat;background-image:url(https:\/\/hatagro.hu\/wp-content\/uploads\/2023\/01\/referenciak_hatagro.jpg)}#gspb_row-id-gsbp-5bc13d42-870a.gspb_row>.gspb_row__content{display:flex;justify-content:space-between;margin:0 auto;width:100%;flex-wrap:wrap}#gspb_row-id-gsbp-5bc13d42-870a.gspb_row div[class^=gspb_row__col]{flex-direction:column;position:relative}#gspb_row-id-gsbp-5bc13d42-870a.gspb_row .gspb_row__col--1,#gspb_row-id-gsbp-5bc13d42-870a.gspb_row .gspb_row__col--10,#gspb_row-id-gsbp-5bc13d42-870a.gspb_row .gspb_row__col--11,#gspb_row-id-gsbp-5bc13d42-870a.gspb_row .gspb_row__col--12,#gspb_row-id-gsbp-5bc13d42-870a.gspb_row .gspb_row__col--2,#gspb_row-id-gsbp-5bc13d42-870a.gspb_row .gspb_row__col--24,#gspb_row-id-gsbp-5bc13d42-870a.gspb_row .gspb_row__col--3,#gspb_row-id-gsbp-5bc13d42-870a.gspb_row .gspb_row__col--4,#gspb_row-id-gsbp-5bc13d42-870a.gspb_row .gspb_row__col--5,#gspb_row-id-gsbp-5bc13d42-870a.gspb_row .gspb_row__col--6,#gspb_row-id-gsbp-5bc13d42-870a.gspb_row .gspb_row__col--7,#gspb_row-id-gsbp-5bc13d42-870a.gspb_row .gspb_row__col--8,#gspb_row-id-gsbp-5bc13d42-870a.gspb_row .gspb_row__col--9{padding:15px min(3vw,20px);box-sizing:border-box}#gspb_row-id-gsbp-5bc13d42-870a.gspb_row>.gspb_row__content{max-width:1440px}#gspb_container-id-gsbp-2cd57056-b2ef.gspb_container{position:relative;flex-direction:column;box-sizing:border-box;margin-top:-2.5em}#gspb_container-id-gsbp-2cd57056-b2ef.gspb_container .gspb_container__content{margin:auto}#gspb_container-id-gsbp-2cd57056-b2ef.gspb_container>p:last-of-type,.t-panel-container p:last-of-type{margin-bottom:0}.gspb-tabs *{box-sizing:border-box!important}.t-btn-container{display:flex;flex-direction:row;width:100%;align-items:center;margin-bottom:-1px;flex-wrap:wrap}.t-btn-container .t-btn{background-origin:border-box;list-style:none;display:inline-flex;align-items:center;margin:0;padding:11px 24px;cursor:pointer;position:relative;transition:all .4s ease-in-out;font-size:20px}.t-btn-container .t-btn .tabsubtitle{font-size:70%;opacity:.7}.gstabs-tabs .t-btn-container .t-btn{border:1px solid transparent;border-top-width:2px}.gstabs-tabs .t-btn-container .t-btn.active{border-color:rgba(206,206,206,.4);border-bottom-color:#fff;background-color:#fff;color:#333}.t-panel-container .t-panel{opacity:0;overflow:hidden;display:none}.t-panel-container .t-panel.active{opacity:1;display:block!important}.t-panel-container{margin-bottom:25px;overflow:hidden;padding:30px}.gstabs-tabs .t-panel-container{border:1px solid rgba(206,206,206,.4);background-color:#fff}.t-btn-container ul{margin:0!important;padding:0!important}.gstabs-underline .t-btn-container .t-btn:after{position:absolute;bottom:0;left:0;content:'';height:3px;width:0;transition:width .5s,left .5s,right .5s}.gstabs-underline .t-btn-container .t-btn.active:after{width:100%;left:0;right:0}.gstabs-pills .t-btn-container .t-btn{margin:0 10px;border:1px solid transparent}.gstabs-vertical{display:flex}.gstabs-vertical .t-btn-container{display:block;width:150px}.gstabs-vertical .t-btn-container .t-btn{margin-bottom:10px;width:150px;border:1px solid transparent}.gstabs-vertical .t-panel-container{flex-grow:1}.t-btn-container .t-btn .gs-image{flex-grow:inherit;margin:0 10px 0 0}.t-btn-container .t-btn img{margin:0;height:25px;min-width:auto}@media (max-width:575.98px){body .tabscroll .t-btn-container{overflow-x:scroll;flex-wrap:nowrap;scroll-behavior:smooth;scroll-snap-type:x mandatory;width:100%!important;white-space:nowrap;display:block;padding-bottom:15px}.tabscroll .t-btn-container .t-btn{scroll-snap-align:start;white-space:nowrap;width:auto!important;margin-right:10px}.tabscroll .t-btn-container .t-btn.active{box-shadow:none!important}.gstabs-vertical{display:block!important}.gstabs-vertical .t-panel-container{margin-top:25px}.t-btn-container .t-btn{font-size:15px}}.gspb_tabs-id-gsbp-141a527a-baec .t-panel-container{margin-top:-.6em}.gspb_tabs-id-gsbp-141a527a-baec .t-btn-container .t-btn,.gspb_tabs-id-gsbp-141a527a-baec .t-btn-container .t-btn .wp-block{font-weight:600;font-family:Montserrat,sans-serif;font-size:14px;line-height:17px}.gspb_tabs-id-gsbp-141a527a-baec .t-btn-container{justify-content:left;margin-right:calc(-10px\/2)!important;margin-left:calc(-10px\/2)!important}.gspb_tabs-id-gsbp-141a527a-baec .t-btn-container .t-btn{color:#111;background-color:#dde2ea;margin-left:calc(10px\/2);margin-right:calc(10px\/2);margin-bottom:calc(10px);border-radius:0}.gspb_tabs-id-gsbp-141a527a-baec .t-btn-container .t-btn.active{color:var(--base-3);background-color:#ff9d58;border-color:#00d084}.gspb_tabs-id-gsbp-141a527a-baec .t-panel-container{background-color:#f0f6fb}","inline_featured_image":false,"footnotes":""},"class_list":["post-455","page","type-page","status-publish"],"yoast_head":"<!-- This site is optimized with the Yoast SEO plugin v27.1.1 - https:\/\/yoast.com\/product\/yoast-seo-wordpress\/ -->\n<title>Referenci\u00e1k - Hatagro<\/title>\n<meta name=\"robots\" content=\"index, follow, max-snippet:-1, max-image-preview:large, max-video-preview:-1\" \/>\n<link rel=\"canonical\" href=\"https:\/\/hatagro.hu\/en\/referenciak\/\" \/>\n<meta property=\"og:locale\" content=\"en_GB\" \/>\n<meta property=\"og:type\" content=\"article\" \/>\n<meta property=\"og:title\" content=\"Referenci\u00e1k - Hatagro\" \/>\n<meta property=\"og:url\" content=\"https:\/\/hatagro.hu\/en\/referenciak\/\" \/>\n<meta property=\"og:site_name\" content=\"Hatagro\" \/>\n<meta property=\"article:publisher\" content=\"https:\/\/www.facebook.com\/hatagro.csoport\" \/>\n<meta property=\"article:modified_time\" content=\"2023-01-04T14:15:23+00:00\" \/>\n<meta name=\"twitter:card\" content=\"summary_large_image\" \/>\n<script type=\"application\/ld+json\" class=\"yoast-schema-graph\">{\"@context\":\"https:\/\/schema.org\",\"@graph\":[{\"@type\":\"WebPage\",\"@id\":\"https:\/\/hatagro.hu\/referenciak\/\",\"url\":\"https:\/\/hatagro.hu\/referenciak\/\",\"name\":\"Referenci\u00e1k - Hatagro\",\"isPartOf\":{\"@id\":\"https:\/\/hatagro.hu\/#website\"},\"datePublished\":\"2023-01-04T13:55:37+00:00\",\"dateModified\":\"2023-01-04T14:15:23+00:00\",\"breadcrumb\":{\"@id\":\"https:\/\/hatagro.hu\/referenciak\/#breadcrumb\"},\"inLanguage\":\"en-GB\",\"potentialAction\":[{\"@type\":\"ReadAction\",\"target\":[\"https:\/\/hatagro.hu\/referenciak\/\"]}]},{\"@type\":\"BreadcrumbList\",\"@id\":\"https:\/\/hatagro.hu\/referenciak\/#breadcrumb\",\"itemListElement\":[{\"@type\":\"ListItem\",\"position\":1,\"name\":\"Kezd\u0151lap\",\"item\":\"https:\/\/hatagro.hu\/\"},{\"@type\":\"ListItem\",\"position\":2,\"name\":\"Referenci\u00e1k\"}]},{\"@type\":\"WebSite\",\"@id\":\"https:\/\/hatagro.hu\/#website\",\"url\":\"https:\/\/hatagro.hu\/\",\"name\":\"Hatagro\",\"description\":\"\u00c1llati j\u00f3 megold\u00e1sok m\u00e1r 25 \u00e9ve\",\"publisher\":{\"@id\":\"https:\/\/hatagro.hu\/#organization\"},\"potentialAction\":[{\"@type\":\"SearchAction\",\"target\":{\"@type\":\"EntryPoint\",\"urlTemplate\":\"https:\/\/hatagro.hu\/?s={search_term_string}\"},\"query-input\":{\"@type\":\"PropertyValueSpecification\",\"valueRequired\":true,\"valueName\":\"search_term_string\"}}],\"inLanguage\":\"en-GB\"},{\"@type\":\"Organization\",\"@id\":\"https:\/\/hatagro.hu\/#organization\",\"name\":\"Hatagro\",\"url\":\"https:\/\/hatagro.hu\/\",\"logo\":{\"@type\":\"ImageObject\",\"inLanguage\":\"en-GB\",\"@id\":\"https:\/\/hatagro.hu\/#\/schema\/logo\/image\/\",\"url\":\"https:\/\/hatagro.hu\/wp-content\/uploads\/2023\/04\/fav_25.png\",\"contentUrl\":\"https:\/\/hatagro.hu\/wp-content\/uploads\/2023\/04\/fav_25.png\",\"width\":512,\"height\":512,\"caption\":\"Hatagro\"},\"image\":{\"@id\":\"https:\/\/hatagro.hu\/#\/schema\/logo\/image\/\"},\"sameAs\":[\"https:\/\/www.facebook.com\/hatagro.csoport\"]}]}<\/script>\n<!-- \/ Yoast SEO plugin. -->","yoast_head_json":{"title":"Referenci\u00e1k - Hatagro","robots":{"index":"index","follow":"follow","max-snippet":"max-snippet:-1","max-image-preview":"max-image-preview:large","max-video-preview":"max-video-preview:-1"},"canonical":"https:\/\/hatagro.hu\/en\/referenciak\/","og_locale":"en_GB","og_type":"article","og_title":"Referenci\u00e1k - Hatagro","og_url":"https:\/\/hatagro.hu\/en\/referenciak\/","og_site_name":"Hatagro","article_publisher":"https:\/\/www.facebook.com\/hatagro.csoport","article_modified_time":"2023-01-04T14:15:23+00:00","twitter_card":"summary_large_image","schema":{"@context":"https:\/\/schema.org","@graph":[{"@type":"WebPage","@id":"https:\/\/hatagro.hu\/referenciak\/","url":"https:\/\/hatagro.hu\/referenciak\/","name":"Referenci\u00e1k - Hatagro","isPartOf":{"@id":"https:\/\/hatagro.hu\/#website"},"datePublished":"2023-01-04T13:55:37+00:00","dateModified":"2023-01-04T14:15:23+00:00","breadcrumb":{"@id":"https:\/\/hatagro.hu\/referenciak\/#breadcrumb"},"inLanguage":"en-GB","potentialAction":[{"@type":"ReadAction","target":["https:\/\/hatagro.hu\/referenciak\/"]}]},{"@type":"BreadcrumbList","@id":"https:\/\/hatagro.hu\/referenciak\/#breadcrumb","itemListElement":[{"@type":"ListItem","position":1,"name":"Kezd\u0151lap","item":"https:\/\/hatagro.hu\/"},{"@type":"ListItem","position":2,"name":"Referenci\u00e1k"}]},{"@type":"WebSite","@id":"https:\/\/hatagro.hu\/#website","url":"https:\/\/hatagro.hu\/","name":"Hatagro","description":"\u00c1llati j\u00f3 megold\u00e1sok m\u00e1r 25 \u00e9ve","publisher":{"@id":"https:\/\/hatagro.hu\/#organization"},"potentialAction":[{"@type":"SearchAction","target":{"@type":"EntryPoint","urlTemplate":"https:\/\/hatagro.hu\/?s={search_term_string}"},"query-input":{"@type":"PropertyValueSpecification","valueRequired":true,"valueName":"search_term_string"}}],"inLanguage":"en-GB"},{"@type":"Organization","@id":"https:\/\/hatagro.hu\/#organization","name":"Hatagro","url":"https:\/\/hatagro.hu\/","logo":{"@type":"ImageObject","inLanguage":"en-GB","@id":"https:\/\/hatagro.hu\/#\/schema\/logo\/image\/","url":"https:\/\/hatagro.hu\/wp-content\/uploads\/2023\/04\/fav_25.png","contentUrl":"https:\/\/hatagro.hu\/wp-content\/uploads\/2023\/04\/fav_25.png","width":512,"height":512,"caption":"Hatagro"},"image":{"@id":"https:\/\/hatagro.hu\/#\/schema\/logo\/image\/"},"sameAs":["https:\/\/www.facebook.com\/hatagro.csoport"]}]}},"_links":{"self":[{"href":"https:\/\/hatagro.hu\/en\/wp-json\/wp\/v2\/pages\/455","targetHints":{"allow":["GET"]}}],"collection":[{"href":"https:\/\/hatagro.hu\/en\/wp-json\/wp\/v2\/pages"}],"about":[{"href":"https:\/\/hatagro.hu\/en\/wp-json\/wp\/v2\/types\/page"}],"author":[{"embeddable":true,"href":"https:\/\/hatagro.hu\/en\/wp-json\/wp\/v2\/users\/2"}],"replies":[{"embeddable":true,"href":"https:\/\/hatagro.hu\/en\/wp-json\/wp\/v2\/comments?post=455"}],"version-history":[{"count":5,"href":"https:\/\/hatagro.hu\/en\/wp-json\/wp\/v2\/pages\/455\/revisions"}],"predecessor-version":[{"id":489,"href":"https:\/\/hatagro.hu\/en\/wp-json\/wp\/v2\/pages\/455\/revisions\/489"}],"wp:attachment":[{"href":"https:\/\/hatagro.hu\/en\/wp-json\/wp\/v2\/media?parent=455"}],"curies":[{"name":"wp","href":"https:\/\/api.w.org\/{rel}","templated":true}]}}