{"id":2993,"date":"2023-12-20T10:23:38","date_gmt":"2023-12-20T10:23:38","guid":{"rendered":"http:\/\/hatagro.hu\/?page_id=2993"},"modified":"2023-12-20T10:33:42","modified_gmt":"2023-12-20T10:33:42","slug":"baromfi-itato-rendszerek","status":"publish","type":"page","link":"https:\/\/hatagro.hu\/en\/baromfi-itato-rendszerek\/","title":{"rendered":"Baromfi itat\u00f3 rendszerek"},"content":{"rendered":"<div data-elementor-type=\"wp-page\" data-elementor-id=\"2993\" class=\"elementor elementor-2993\" data-elementor-post-type=\"page\">\n\t\t\t\t\t\t<section class=\"elementor-section elementor-top-section elementor-element elementor-element-4c99d7e5 elementor-section-boxed elementor-section-height-default elementor-section-height-default\" data-id=\"4c99d7e5\" data-element_type=\"section\" data-e-type=\"section\" data-settings=\"{&quot;jet_parallax_layout_list&quot;:[]}\">\n\t\t\t\t\t\t<div class=\"elementor-container elementor-column-gap-default\">\n\t\t\t\t\t<div class=\"elementor-column elementor-col-100 elementor-top-column elementor-element elementor-element-135a65c2\" data-id=\"135a65c2\" data-element_type=\"column\" data-e-type=\"column\">\n\t\t\t<div class=\"elementor-widget-wrap elementor-element-populated\">\n\t\t\t\t\t\t<div class=\"elementor-element elementor-element-17a2509 elementor-widget elementor-widget-heading\" data-id=\"17a2509\" data-element_type=\"widget\" data-e-type=\"widget\" data-widget_type=\"heading.default\">\n\t\t\t\t<div class=\"elementor-widget-container\">\n\t\t\t\t\t<h1 class=\"elementor-heading-title elementor-size-default\">Baromfi itat\u00f3 rendszerek<\/h1>\t\t\t\t<\/div>\n\t\t\t\t<\/div>\n\t\t\t\t<div class=\"elementor-element elementor-element-00c7f74 elementor-widget elementor-widget-heading\" data-id=\"00c7f74\" data-element_type=\"widget\" data-e-type=\"widget\" data-widget_type=\"heading.default\">\n\t\t\t\t<div class=\"elementor-widget-container\">\n\t\t\t\t\t<h2 class=\"elementor-heading-title elementor-size-default\">Komplex baromfi itat\u00f3 rendszerek<\/h2>\t\t\t\t<\/div>\n\t\t\t\t<\/div>\n\t\t\t\t<div class=\"elementor-element elementor-element-1e173f1c elementor-widget elementor-widget-text-editor\" data-id=\"1e173f1c\" data-element_type=\"widget\" data-e-type=\"widget\" data-widget_type=\"text-editor.default\">\n\t\t\t\t<div class=\"elementor-widget-container\">\n\t\t\t\t\t\t\t\t\t\n<p><span style=\"font-weight: 400;\">A megfelel\u0151 v\u00edzell\u00e1t\u00e1s elengedhetetlen a baromfi eg\u00e9szs\u00e9g\u00e9nek \u00e9s nem utols\u00f3 sorban termel\u00e9kenys\u00e9g\u00e9nek biztos\u00edt\u00e1s\u00e1hoz is. A baromfi itat\u00f3 rendszerek rendk\u00edv\u00fcl fontos szerepet t\u00f6ltenek be a takarm\u00e1nyoz\u00e1s mellett, hiszen a megfelel\u0151 mennyis\u00e9g\u0171 \u00e9s min\u0151s\u00e9g\u0171 v\u00edz el\u00e9rhet\u0151s\u00e9ge alapvet\u0151 a madarak megfelel\u0151 n\u00f6veked\u00e9s\u00e9hez \u00e9s termel\u00e9s\u00e9hez egyar\u00e1nt.<\/span><\/p>\n<p><span style=\"font-weight: 400;\">Tervez\u00e9se \u00e9s telep\u00edt\u00e9se sor\u00e1n a legfontosabb szempontok, amit minden esetben figyelembe vesz\u00fcnk, az a k\u00f6nny\u0171 hozz\u00e1f\u00e9rhet\u0151s\u00e9g \u00e9s tiszt\u00edthat\u00f3s\u00e1g.<\/span><\/p>\n<p><span style=\"font-weight: 400;\">Ha \u00d6n is szeretne egy komplex megb\u00edzhat\u00f3 automata rendszert, akkor keressen minket bizalommal!<\/span><\/p>\n\t\t\t\t\t\t\t\t<\/div>\n\t\t\t\t<\/div>\n\t\t\t\t<div class=\"elementor-element elementor-element-e6d7c7b elementor-widget elementor-widget-button\" data-id=\"e6d7c7b\" data-element_type=\"widget\" data-e-type=\"widget\" data-widget_type=\"button.default\">\n\t\t\t\t<div class=\"elementor-widget-container\">\n\t\t\t\t\t\t\t\t\t<div class=\"elementor-button-wrapper\">\n\t\t\t\t\t<a class=\"elementor-button elementor-button-link elementor-size-sm\" href=\"https:\/\/hatagro.hu\/en\/kapcsolat\/\">\n\t\t\t\t\t\t<span class=\"elementor-button-content-wrapper\">\n\t\t\t\t\t\t\t\t\t<span class=\"elementor-button-text\">Kapcsolatfelv\u00e9tel<\/span>\n\t\t\t\t\t<\/span>\n\t\t\t\t\t<\/a>\n\t\t\t\t<\/div>\n\t\t\t\t\t\t\t\t<\/div>\n\t\t\t\t<\/div>\n\t\t\t\t\t<\/div>\n\t\t<\/div>\n\t\t\t\t\t<\/div>\n\t\t<\/section>\n\t\t\t\t<\/div>","protected":false},"excerpt":{"rendered":"<p>Baromfi itat\u00f3 rendszerek Komplex baromfi itat\u00f3 rendszerek A megfelel\u0151 v\u00edzell\u00e1t\u00e1s elengedhetetlen a baromfi eg\u00e9szs\u00e9g\u00e9nek \u00e9s nem utols\u00f3 sorban termel\u00e9kenys\u00e9g\u00e9nek biztos\u00edt\u00e1s\u00e1hoz is. A baromfi itat\u00f3 rendszerek rendk\u00edv\u00fcl fontos szerepet t\u00f6ltenek be a takarm\u00e1nyoz\u00e1s mellett, hiszen a megfelel\u0151 mennyis\u00e9g\u0171 \u00e9s min\u0151s\u00e9g\u0171 v\u00edz el\u00e9rhet\u0151s\u00e9ge alapvet\u0151 a madarak megfelel\u0151 n\u00f6veked\u00e9s\u00e9hez \u00e9s termel\u00e9s\u00e9hez egyar\u00e1nt. Tervez\u00e9se \u00e9s telep\u00edt\u00e9se sor\u00e1n a legfontosabb &#8230; <a title=\"Baromfi itat\u00f3 rendszerek\" class=\"read-more\" href=\"https:\/\/hatagro.hu\/en\/baromfi-itato-rendszerek\/\" aria-label=\"Read more about Baromfi itat\u00f3 rendszerek\">Read more<\/a><\/p>","protected":false},"author":2,"featured_media":0,"parent":0,"menu_order":0,"comment_status":"closed","ping_status":"closed","template":"elementor_header_footer","meta":{"_gspb_post_css":"","inline_featured_image":false,"footnotes":""},"class_list":["post-2993","page","type-page","status-publish"],"yoast_head":"<!-- This site is optimized with the Yoast SEO plugin v27.1.1 - https:\/\/yoast.com\/product\/yoast-seo-wordpress\/ -->\n<title>Baromfi itat\u00f3 rendszerek | Hatagro<\/title>\n<meta name=\"description\" content=\"Komplex baromfi itat\u00f3 rendszerek kivitelez\u00e9se a gyors \u00e9s hat\u00e9kony munkav\u00e9gz\u00e9s \u00e9rdek\u00e9ben. Forduljon hozz\u00e1nk bizalommal!\" \/>\n<meta name=\"robots\" content=\"index, follow, max-snippet:-1, max-image-preview:large, max-video-preview:-1\" \/>\n<link rel=\"canonical\" href=\"https:\/\/hatagro.hu\/en\/baromfi-itato-rendszerek\/\" \/>\n<meta property=\"og:locale\" content=\"en_GB\" \/>\n<meta property=\"og:type\" content=\"article\" \/>\n<meta property=\"og:title\" content=\"Baromfi itat\u00f3 rendszerek | Hatagro\" \/>\n<meta property=\"og:description\" content=\"Komplex baromfi itat\u00f3 rendszerek kivitelez\u00e9se a gyors \u00e9s hat\u00e9kony munkav\u00e9gz\u00e9s \u00e9rdek\u00e9ben. Forduljon hozz\u00e1nk bizalommal!\" \/>\n<meta property=\"og:url\" content=\"https:\/\/hatagro.hu\/en\/baromfi-itato-rendszerek\/\" \/>\n<meta property=\"og:site_name\" content=\"Hatagro\" \/>\n<meta property=\"article:publisher\" content=\"https:\/\/www.facebook.com\/hatagro.csoport\" \/>\n<meta property=\"article:modified_time\" content=\"2023-12-20T10:33:42+00:00\" \/>\n<meta name=\"twitter:card\" content=\"summary_large_image\" \/>\n<meta name=\"twitter:label1\" content=\"Estimated reading time\" \/>\n\t<meta name=\"twitter:data1\" content=\"1 minute\" \/>\n<script type=\"application\/ld+json\" class=\"yoast-schema-graph\">{\"@context\":\"https:\/\/schema.org\",\"@graph\":[{\"@type\":\"WebPage\",\"@id\":\"https:\/\/hatagro.hu\/baromfi-itato-rendszerek\/\",\"url\":\"https:\/\/hatagro.hu\/baromfi-itato-rendszerek\/\",\"name\":\"Baromfi itat\u00f3 rendszerek | Hatagro\",\"isPartOf\":{\"@id\":\"https:\/\/hatagro.hu\/#website\"},\"datePublished\":\"2023-12-20T10:23:38+00:00\",\"dateModified\":\"2023-12-20T10:33:42+00:00\",\"description\":\"Komplex baromfi itat\u00f3 rendszerek kivitelez\u00e9se a gyors \u00e9s hat\u00e9kony munkav\u00e9gz\u00e9s \u00e9rdek\u00e9ben. Forduljon hozz\u00e1nk bizalommal!\",\"breadcrumb\":{\"@id\":\"https:\/\/hatagro.hu\/baromfi-itato-rendszerek\/#breadcrumb\"},\"inLanguage\":\"en-GB\",\"potentialAction\":[{\"@type\":\"ReadAction\",\"target\":[\"https:\/\/hatagro.hu\/baromfi-itato-rendszerek\/\"]}]},{\"@type\":\"BreadcrumbList\",\"@id\":\"https:\/\/hatagro.hu\/baromfi-itato-rendszerek\/#breadcrumb\",\"itemListElement\":[{\"@type\":\"ListItem\",\"position\":1,\"name\":\"Kezd\u0151lap\",\"item\":\"https:\/\/hatagro.hu\/\"},{\"@type\":\"ListItem\",\"position\":2,\"name\":\"Baromfi itat\u00f3 rendszerek\"}]},{\"@type\":\"WebSite\",\"@id\":\"https:\/\/hatagro.hu\/#website\",\"url\":\"https:\/\/hatagro.hu\/\",\"name\":\"Hatagro\",\"description\":\"\u00c1llati j\u00f3 megold\u00e1sok m\u00e1r 25 \u00e9ve\",\"publisher\":{\"@id\":\"https:\/\/hatagro.hu\/#organization\"},\"potentialAction\":[{\"@type\":\"SearchAction\",\"target\":{\"@type\":\"EntryPoint\",\"urlTemplate\":\"https:\/\/hatagro.hu\/?s={search_term_string}\"},\"query-input\":{\"@type\":\"PropertyValueSpecification\",\"valueRequired\":true,\"valueName\":\"search_term_string\"}}],\"inLanguage\":\"en-GB\"},{\"@type\":\"Organization\",\"@id\":\"https:\/\/hatagro.hu\/#organization\",\"name\":\"Hatagro\",\"url\":\"https:\/\/hatagro.hu\/\",\"logo\":{\"@type\":\"ImageObject\",\"inLanguage\":\"en-GB\",\"@id\":\"https:\/\/hatagro.hu\/#\/schema\/logo\/image\/\",\"url\":\"https:\/\/hatagro.hu\/wp-content\/uploads\/2023\/04\/fav_25.png\",\"contentUrl\":\"https:\/\/hatagro.hu\/wp-content\/uploads\/2023\/04\/fav_25.png\",\"width\":512,\"height\":512,\"caption\":\"Hatagro\"},\"image\":{\"@id\":\"https:\/\/hatagro.hu\/#\/schema\/logo\/image\/\"},\"sameAs\":[\"https:\/\/www.facebook.com\/hatagro.csoport\"]}]}<\/script>\n<!-- \/ Yoast SEO plugin. -->","yoast_head_json":{"title":"Baromfi itat\u00f3 rendszerek | Hatagro","description":"Komplex baromfi itat\u00f3 rendszerek kivitelez\u00e9se a gyors \u00e9s hat\u00e9kony munkav\u00e9gz\u00e9s \u00e9rdek\u00e9ben. Forduljon hozz\u00e1nk bizalommal!","robots":{"index":"index","follow":"follow","max-snippet":"max-snippet:-1","max-image-preview":"max-image-preview:large","max-video-preview":"max-video-preview:-1"},"canonical":"https:\/\/hatagro.hu\/en\/baromfi-itato-rendszerek\/","og_locale":"en_GB","og_type":"article","og_title":"Baromfi itat\u00f3 rendszerek | Hatagro","og_description":"Komplex baromfi itat\u00f3 rendszerek kivitelez\u00e9se a gyors \u00e9s hat\u00e9kony munkav\u00e9gz\u00e9s \u00e9rdek\u00e9ben. Forduljon hozz\u00e1nk bizalommal!","og_url":"https:\/\/hatagro.hu\/en\/baromfi-itato-rendszerek\/","og_site_name":"Hatagro","article_publisher":"https:\/\/www.facebook.com\/hatagro.csoport","article_modified_time":"2023-12-20T10:33:42+00:00","twitter_card":"summary_large_image","twitter_misc":{"Estimated reading time":"1 minute"},"schema":{"@context":"https:\/\/schema.org","@graph":[{"@type":"WebPage","@id":"https:\/\/hatagro.hu\/baromfi-itato-rendszerek\/","url":"https:\/\/hatagro.hu\/baromfi-itato-rendszerek\/","name":"Baromfi itat\u00f3 rendszerek | Hatagro","isPartOf":{"@id":"https:\/\/hatagro.hu\/#website"},"datePublished":"2023-12-20T10:23:38+00:00","dateModified":"2023-12-20T10:33:42+00:00","description":"Komplex baromfi itat\u00f3 rendszerek kivitelez\u00e9se a gyors \u00e9s hat\u00e9kony munkav\u00e9gz\u00e9s \u00e9rdek\u00e9ben. Forduljon hozz\u00e1nk bizalommal!","breadcrumb":{"@id":"https:\/\/hatagro.hu\/baromfi-itato-rendszerek\/#breadcrumb"},"inLanguage":"en-GB","potentialAction":[{"@type":"ReadAction","target":["https:\/\/hatagro.hu\/baromfi-itato-rendszerek\/"]}]},{"@type":"BreadcrumbList","@id":"https:\/\/hatagro.hu\/baromfi-itato-rendszerek\/#breadcrumb","itemListElement":[{"@type":"ListItem","position":1,"name":"Kezd\u0151lap","item":"https:\/\/hatagro.hu\/"},{"@type":"ListItem","position":2,"name":"Baromfi itat\u00f3 rendszerek"}]},{"@type":"WebSite","@id":"https:\/\/hatagro.hu\/#website","url":"https:\/\/hatagro.hu\/","name":"Hatagro","description":"\u00c1llati j\u00f3 megold\u00e1sok m\u00e1r 25 \u00e9ve","publisher":{"@id":"https:\/\/hatagro.hu\/#organization"},"potentialAction":[{"@type":"SearchAction","target":{"@type":"EntryPoint","urlTemplate":"https:\/\/hatagro.hu\/?s={search_term_string}"},"query-input":{"@type":"PropertyValueSpecification","valueRequired":true,"valueName":"search_term_string"}}],"inLanguage":"en-GB"},{"@type":"Organization","@id":"https:\/\/hatagro.hu\/#organization","name":"Hatagro","url":"https:\/\/hatagro.hu\/","logo":{"@type":"ImageObject","inLanguage":"en-GB","@id":"https:\/\/hatagro.hu\/#\/schema\/logo\/image\/","url":"https:\/\/hatagro.hu\/wp-content\/uploads\/2023\/04\/fav_25.png","contentUrl":"https:\/\/hatagro.hu\/wp-content\/uploads\/2023\/04\/fav_25.png","width":512,"height":512,"caption":"Hatagro"},"image":{"@id":"https:\/\/hatagro.hu\/#\/schema\/logo\/image\/"},"sameAs":["https:\/\/www.facebook.com\/hatagro.csoport"]}]}},"_links":{"self":[{"href":"https:\/\/hatagro.hu\/en\/wp-json\/wp\/v2\/pages\/2993","targetHints":{"allow":["GET"]}}],"collection":[{"href":"https:\/\/hatagro.hu\/en\/wp-json\/wp\/v2\/pages"}],"about":[{"href":"https:\/\/hatagro.hu\/en\/wp-json\/wp\/v2\/types\/page"}],"author":[{"embeddable":true,"href":"https:\/\/hatagro.hu\/en\/wp-json\/wp\/v2\/users\/2"}],"replies":[{"embeddable":true,"href":"https:\/\/hatagro.hu\/en\/wp-json\/wp\/v2\/comments?post=2993"}],"version-history":[{"count":5,"href":"https:\/\/hatagro.hu\/en\/wp-json\/wp\/v2\/pages\/2993\/revisions"}],"predecessor-version":[{"id":2999,"href":"https:\/\/hatagro.hu\/en\/wp-json\/wp\/v2\/pages\/2993\/revisions\/2999"}],"wp:attachment":[{"href":"https:\/\/hatagro.hu\/en\/wp-json\/wp\/v2\/media?parent=2993"}],"curies":[{"name":"wp","href":"https:\/\/api.w.org\/{rel}","templated":true}]}}