{"id":2980,"date":"2023-12-19T15:52:07","date_gmt":"2023-12-19T15:52:07","guid":{"rendered":"http:\/\/hatagro.hu\/?page_id=2980"},"modified":"2023-12-19T15:56:35","modified_gmt":"2023-12-19T15:56:35","slug":"baromfi-eteto-rendszerek","status":"publish","type":"page","link":"https:\/\/hatagro.hu\/en\/baromfi-eteto-rendszerek\/","title":{"rendered":"Baromfi etet\u0151 rendszerek"},"content":{"rendered":"<div data-elementor-type=\"wp-page\" data-elementor-id=\"2980\" class=\"elementor elementor-2980\" data-elementor-post-type=\"page\">\n\t\t\t\t\t\t<section class=\"elementor-section elementor-top-section elementor-element elementor-element-4c99d7e5 elementor-section-boxed elementor-section-height-default elementor-section-height-default\" data-id=\"4c99d7e5\" data-element_type=\"section\" data-e-type=\"section\" data-settings=\"{&quot;jet_parallax_layout_list&quot;:[]}\">\n\t\t\t\t\t\t<div class=\"elementor-container elementor-column-gap-default\">\n\t\t\t\t\t<div class=\"elementor-column elementor-col-100 elementor-top-column elementor-element elementor-element-135a65c2\" data-id=\"135a65c2\" data-element_type=\"column\" data-e-type=\"column\">\n\t\t\t<div class=\"elementor-widget-wrap elementor-element-populated\">\n\t\t\t\t\t\t<div class=\"elementor-element elementor-element-17a2509 elementor-widget elementor-widget-heading\" data-id=\"17a2509\" data-element_type=\"widget\" data-e-type=\"widget\" data-widget_type=\"heading.default\">\n\t\t\t\t<div class=\"elementor-widget-container\">\n\t\t\t\t\t<h1 class=\"elementor-heading-title elementor-size-default\">Baromfi etet\u0151 rendszerek<\/h1>\t\t\t\t<\/div>\n\t\t\t\t<\/div>\n\t\t\t\t<div class=\"elementor-element elementor-element-00c7f74 elementor-widget elementor-widget-heading\" data-id=\"00c7f74\" data-element_type=\"widget\" data-e-type=\"widget\" data-widget_type=\"heading.default\">\n\t\t\t\t<div class=\"elementor-widget-container\">\n\t\t\t\t\t<h2 class=\"elementor-heading-title elementor-size-default\">Hat\u00e9kony baromfi etet\u0151 rendszerek<\/h2>\t\t\t\t<\/div>\n\t\t\t\t<\/div>\n\t\t\t\t<div class=\"elementor-element elementor-element-1e173f1c elementor-widget elementor-widget-text-editor\" data-id=\"1e173f1c\" data-element_type=\"widget\" data-e-type=\"widget\" data-widget_type=\"text-editor.default\">\n\t\t\t\t<div class=\"elementor-widget-container\">\n\t\t\t\t\t\t\t\t\t\n<p>A baromfi etet\u0151 rendszerek kulcsfontoss\u00e1g\u00faak a mez\u0151gazdas\u00e1gi szektorban a hat\u00e9kony \u00e9s gyors takarm\u00e1nyoz\u00e1s szempontj\u00e1b\u00f3l. Ezek a rendszerek nemcsak a baromfi eg\u00e9szs\u00e9g\u00e9t \u00e9s j\u00f3ll\u00e9t\u00e9t szolg\u00e1lj\u00e1k, hanem hozz\u00e1j\u00e1rulnak a gazdas\u00e1gosabb \u00e9s hat\u00e9konyabb munk\u00e1hoz is.<\/p>\n\n\n\n<p>A modern technol\u00f3gia hozz\u00e1j\u00e1rul a hat\u00e9konyabb baromfi etet\u00e9shez. Az automatiz\u00e1lt etet\u0151 rendszerek lehet\u0151v\u00e9 teszik a takarm\u00e1ny pontos adagol\u00e1s\u00e1t \u00e9s annak id\u0151z\u00edt\u00e9s\u00e9t is.<\/p>\n\n\n\n<p>Csapatunk a tervez\u00e9st\u0151l eg\u00e9szen a kivitelez\u00e9sig v\u00e9gigviszi a beruh\u00e1z\u00e1st.<\/p>\n\n\n\n<p>\u00c1raj\u00e1nlattal vagy k\u00e9rd\u00e9ssel kapcsolatban keressen minket bizalommal!<\/p>\n\t\t\t\t\t\t\t\t<\/div>\n\t\t\t\t<\/div>\n\t\t\t\t<div class=\"elementor-element elementor-element-e6d7c7b elementor-widget elementor-widget-button\" data-id=\"e6d7c7b\" data-element_type=\"widget\" data-e-type=\"widget\" data-widget_type=\"button.default\">\n\t\t\t\t<div class=\"elementor-widget-container\">\n\t\t\t\t\t\t\t\t\t<div class=\"elementor-button-wrapper\">\n\t\t\t\t\t<a class=\"elementor-button elementor-button-link elementor-size-sm\" href=\"https:\/\/hatagro.hu\/en\/kapcsolat\/\">\n\t\t\t\t\t\t<span class=\"elementor-button-content-wrapper\">\n\t\t\t\t\t\t\t\t\t<span class=\"elementor-button-text\">Kapcsolatfelv\u00e9tel<\/span>\n\t\t\t\t\t<\/span>\n\t\t\t\t\t<\/a>\n\t\t\t\t<\/div>\n\t\t\t\t\t\t\t\t<\/div>\n\t\t\t\t<\/div>\n\t\t\t\t\t<\/div>\n\t\t<\/div>\n\t\t\t\t\t<\/div>\n\t\t<\/section>\n\t\t\t\t<\/div>","protected":false},"excerpt":{"rendered":"<p>Baromfi etet\u0151 rendszerek Hat\u00e9kony baromfi etet\u0151 rendszerek A baromfi etet\u0151 rendszerek kulcsfontoss\u00e1g\u00faak a mez\u0151gazdas\u00e1gi szektorban a hat\u00e9kony \u00e9s gyors takarm\u00e1nyoz\u00e1s szempontj\u00e1b\u00f3l. Ezek a rendszerek nemcsak a baromfi eg\u00e9szs\u00e9g\u00e9t \u00e9s j\u00f3ll\u00e9t\u00e9t szolg\u00e1lj\u00e1k, hanem hozz\u00e1j\u00e1rulnak a gazdas\u00e1gosabb \u00e9s hat\u00e9konyabb munk\u00e1hoz is. A modern technol\u00f3gia hozz\u00e1j\u00e1rul a hat\u00e9konyabb baromfi etet\u00e9shez. Az automatiz\u00e1lt etet\u0151 rendszerek lehet\u0151v\u00e9 teszik a takarm\u00e1ny &#8230; <a title=\"Baromfi etet\u0151 rendszerek\" class=\"read-more\" href=\"https:\/\/hatagro.hu\/en\/baromfi-eteto-rendszerek\/\" aria-label=\"Read more about Baromfi etet\u0151 rendszerek\">Read more<\/a><\/p>","protected":false},"author":2,"featured_media":0,"parent":0,"menu_order":0,"comment_status":"closed","ping_status":"closed","template":"elementor_header_footer","meta":{"_gspb_post_css":"","inline_featured_image":false,"footnotes":""},"class_list":["post-2980","page","type-page","status-publish"],"yoast_head":"<!-- This site is optimized with the Yoast SEO plugin v27.1.1 - https:\/\/yoast.com\/product\/yoast-seo-wordpress\/ -->\n<title>Baromfi etet\u0151 rendszerek | Hatagro<\/title>\n<meta name=\"description\" content=\"Baromfi etet\u0151 rendszerek megtervez\u00e9se \u00e9s komplett kivitelez\u00e9se. T\u00f6bb \u00e9vtizedes szakmai tapasztalattal. Keressen minket bizalommal!\" \/>\n<meta name=\"robots\" content=\"index, follow, max-snippet:-1, max-image-preview:large, max-video-preview:-1\" \/>\n<link rel=\"canonical\" href=\"https:\/\/hatagro.hu\/en\/baromfi-eteto-rendszerek\/\" \/>\n<meta property=\"og:locale\" content=\"en_GB\" \/>\n<meta property=\"og:type\" content=\"article\" \/>\n<meta property=\"og:title\" content=\"Baromfi etet\u0151 rendszerek | Hatagro\" \/>\n<meta property=\"og:description\" content=\"Baromfi etet\u0151 rendszerek megtervez\u00e9se \u00e9s komplett kivitelez\u00e9se. T\u00f6bb \u00e9vtizedes szakmai tapasztalattal. Keressen minket bizalommal!\" \/>\n<meta property=\"og:url\" content=\"https:\/\/hatagro.hu\/en\/baromfi-eteto-rendszerek\/\" \/>\n<meta property=\"og:site_name\" content=\"Hatagro\" \/>\n<meta property=\"article:publisher\" content=\"https:\/\/www.facebook.com\/hatagro.csoport\" \/>\n<meta property=\"article:modified_time\" content=\"2023-12-19T15:56:35+00:00\" \/>\n<meta name=\"twitter:card\" content=\"summary_large_image\" \/>\n<meta name=\"twitter:label1\" content=\"Estimated reading time\" \/>\n\t<meta name=\"twitter:data1\" content=\"1 minute\" \/>\n<script type=\"application\/ld+json\" class=\"yoast-schema-graph\">{\"@context\":\"https:\/\/schema.org\",\"@graph\":[{\"@type\":\"WebPage\",\"@id\":\"https:\/\/hatagro.hu\/baromfi-eteto-rendszerek\/\",\"url\":\"https:\/\/hatagro.hu\/baromfi-eteto-rendszerek\/\",\"name\":\"Baromfi etet\u0151 rendszerek | Hatagro\",\"isPartOf\":{\"@id\":\"https:\/\/hatagro.hu\/#website\"},\"datePublished\":\"2023-12-19T15:52:07+00:00\",\"dateModified\":\"2023-12-19T15:56:35+00:00\",\"description\":\"Baromfi etet\u0151 rendszerek megtervez\u00e9se \u00e9s komplett kivitelez\u00e9se. T\u00f6bb \u00e9vtizedes szakmai tapasztalattal. Keressen minket bizalommal!\",\"breadcrumb\":{\"@id\":\"https:\/\/hatagro.hu\/baromfi-eteto-rendszerek\/#breadcrumb\"},\"inLanguage\":\"en-GB\",\"potentialAction\":[{\"@type\":\"ReadAction\",\"target\":[\"https:\/\/hatagro.hu\/baromfi-eteto-rendszerek\/\"]}]},{\"@type\":\"BreadcrumbList\",\"@id\":\"https:\/\/hatagro.hu\/baromfi-eteto-rendszerek\/#breadcrumb\",\"itemListElement\":[{\"@type\":\"ListItem\",\"position\":1,\"name\":\"Kezd\u0151lap\",\"item\":\"https:\/\/hatagro.hu\/\"},{\"@type\":\"ListItem\",\"position\":2,\"name\":\"Baromfi etet\u0151 rendszerek\"}]},{\"@type\":\"WebSite\",\"@id\":\"https:\/\/hatagro.hu\/#website\",\"url\":\"https:\/\/hatagro.hu\/\",\"name\":\"Hatagro\",\"description\":\"\u00c1llati j\u00f3 megold\u00e1sok m\u00e1r 25 \u00e9ve\",\"publisher\":{\"@id\":\"https:\/\/hatagro.hu\/#organization\"},\"potentialAction\":[{\"@type\":\"SearchAction\",\"target\":{\"@type\":\"EntryPoint\",\"urlTemplate\":\"https:\/\/hatagro.hu\/?s={search_term_string}\"},\"query-input\":{\"@type\":\"PropertyValueSpecification\",\"valueRequired\":true,\"valueName\":\"search_term_string\"}}],\"inLanguage\":\"en-GB\"},{\"@type\":\"Organization\",\"@id\":\"https:\/\/hatagro.hu\/#organization\",\"name\":\"Hatagro\",\"url\":\"https:\/\/hatagro.hu\/\",\"logo\":{\"@type\":\"ImageObject\",\"inLanguage\":\"en-GB\",\"@id\":\"https:\/\/hatagro.hu\/#\/schema\/logo\/image\/\",\"url\":\"https:\/\/hatagro.hu\/wp-content\/uploads\/2023\/04\/fav_25.png\",\"contentUrl\":\"https:\/\/hatagro.hu\/wp-content\/uploads\/2023\/04\/fav_25.png\",\"width\":512,\"height\":512,\"caption\":\"Hatagro\"},\"image\":{\"@id\":\"https:\/\/hatagro.hu\/#\/schema\/logo\/image\/\"},\"sameAs\":[\"https:\/\/www.facebook.com\/hatagro.csoport\"]}]}<\/script>\n<!-- \/ Yoast SEO plugin. -->","yoast_head_json":{"title":"Baromfi etet\u0151 rendszerek | Hatagro","description":"Baromfi etet\u0151 rendszerek megtervez\u00e9se \u00e9s komplett kivitelez\u00e9se. T\u00f6bb \u00e9vtizedes szakmai tapasztalattal. Keressen minket bizalommal!","robots":{"index":"index","follow":"follow","max-snippet":"max-snippet:-1","max-image-preview":"max-image-preview:large","max-video-preview":"max-video-preview:-1"},"canonical":"https:\/\/hatagro.hu\/en\/baromfi-eteto-rendszerek\/","og_locale":"en_GB","og_type":"article","og_title":"Baromfi etet\u0151 rendszerek | Hatagro","og_description":"Baromfi etet\u0151 rendszerek megtervez\u00e9se \u00e9s komplett kivitelez\u00e9se. T\u00f6bb \u00e9vtizedes szakmai tapasztalattal. Keressen minket bizalommal!","og_url":"https:\/\/hatagro.hu\/en\/baromfi-eteto-rendszerek\/","og_site_name":"Hatagro","article_publisher":"https:\/\/www.facebook.com\/hatagro.csoport","article_modified_time":"2023-12-19T15:56:35+00:00","twitter_card":"summary_large_image","twitter_misc":{"Estimated reading time":"1 minute"},"schema":{"@context":"https:\/\/schema.org","@graph":[{"@type":"WebPage","@id":"https:\/\/hatagro.hu\/baromfi-eteto-rendszerek\/","url":"https:\/\/hatagro.hu\/baromfi-eteto-rendszerek\/","name":"Baromfi etet\u0151 rendszerek | Hatagro","isPartOf":{"@id":"https:\/\/hatagro.hu\/#website"},"datePublished":"2023-12-19T15:52:07+00:00","dateModified":"2023-12-19T15:56:35+00:00","description":"Baromfi etet\u0151 rendszerek megtervez\u00e9se \u00e9s komplett kivitelez\u00e9se. T\u00f6bb \u00e9vtizedes szakmai tapasztalattal. Keressen minket bizalommal!","breadcrumb":{"@id":"https:\/\/hatagro.hu\/baromfi-eteto-rendszerek\/#breadcrumb"},"inLanguage":"en-GB","potentialAction":[{"@type":"ReadAction","target":["https:\/\/hatagro.hu\/baromfi-eteto-rendszerek\/"]}]},{"@type":"BreadcrumbList","@id":"https:\/\/hatagro.hu\/baromfi-eteto-rendszerek\/#breadcrumb","itemListElement":[{"@type":"ListItem","position":1,"name":"Kezd\u0151lap","item":"https:\/\/hatagro.hu\/"},{"@type":"ListItem","position":2,"name":"Baromfi etet\u0151 rendszerek"}]},{"@type":"WebSite","@id":"https:\/\/hatagro.hu\/#website","url":"https:\/\/hatagro.hu\/","name":"Hatagro","description":"\u00c1llati j\u00f3 megold\u00e1sok m\u00e1r 25 \u00e9ve","publisher":{"@id":"https:\/\/hatagro.hu\/#organization"},"potentialAction":[{"@type":"SearchAction","target":{"@type":"EntryPoint","urlTemplate":"https:\/\/hatagro.hu\/?s={search_term_string}"},"query-input":{"@type":"PropertyValueSpecification","valueRequired":true,"valueName":"search_term_string"}}],"inLanguage":"en-GB"},{"@type":"Organization","@id":"https:\/\/hatagro.hu\/#organization","name":"Hatagro","url":"https:\/\/hatagro.hu\/","logo":{"@type":"ImageObject","inLanguage":"en-GB","@id":"https:\/\/hatagro.hu\/#\/schema\/logo\/image\/","url":"https:\/\/hatagro.hu\/wp-content\/uploads\/2023\/04\/fav_25.png","contentUrl":"https:\/\/hatagro.hu\/wp-content\/uploads\/2023\/04\/fav_25.png","width":512,"height":512,"caption":"Hatagro"},"image":{"@id":"https:\/\/hatagro.hu\/#\/schema\/logo\/image\/"},"sameAs":["https:\/\/www.facebook.com\/hatagro.csoport"]}]}},"_links":{"self":[{"href":"https:\/\/hatagro.hu\/en\/wp-json\/wp\/v2\/pages\/2980","targetHints":{"allow":["GET"]}}],"collection":[{"href":"https:\/\/hatagro.hu\/en\/wp-json\/wp\/v2\/pages"}],"about":[{"href":"https:\/\/hatagro.hu\/en\/wp-json\/wp\/v2\/types\/page"}],"author":[{"embeddable":true,"href":"https:\/\/hatagro.hu\/en\/wp-json\/wp\/v2\/users\/2"}],"replies":[{"embeddable":true,"href":"https:\/\/hatagro.hu\/en\/wp-json\/wp\/v2\/comments?post=2980"}],"version-history":[{"count":5,"href":"https:\/\/hatagro.hu\/en\/wp-json\/wp\/v2\/pages\/2980\/revisions"}],"predecessor-version":[{"id":2991,"href":"https:\/\/hatagro.hu\/en\/wp-json\/wp\/v2\/pages\/2980\/revisions\/2991"}],"wp:attachment":[{"href":"https:\/\/hatagro.hu\/en\/wp-json\/wp\/v2\/media?parent=2980"}],"curies":[{"name":"wp","href":"https:\/\/api.w.org\/{rel}","templated":true}]}}