{"id":2870,"date":"2023-08-29T14:54:55","date_gmt":"2023-08-29T14:54:55","guid":{"rendered":"http:\/\/hatagro.hu\/?page_id=2870"},"modified":"2025-02-18T14:44:05","modified_gmt":"2025-02-18T14:44:05","slug":"szerviz","status":"publish","type":"page","link":"https:\/\/hatagro.hu\/en\/szerviz\/","title":{"rendered":"Szerviz"},"content":{"rendered":"<div data-elementor-type=\"wp-page\" data-elementor-id=\"2870\" class=\"elementor elementor-2870\" data-elementor-post-type=\"page\">\n\t\t\t\t\t\t<section class=\"elementor-section elementor-top-section elementor-element elementor-element-06b632f elementor-section-height-min-height elementor-section-boxed elementor-section-height-default elementor-section-items-middle\" data-id=\"06b632f\" data-element_type=\"section\" data-e-type=\"section\" data-settings=\"{&quot;jet_parallax_layout_list&quot;:[],&quot;background_background&quot;:&quot;classic&quot;}\">\n\t\t\t\t\t\t\t<div class=\"elementor-background-overlay\"><\/div>\n\t\t\t\t\t\t\t<div class=\"elementor-container elementor-column-gap-default\">\n\t\t\t\t\t<div class=\"elementor-column elementor-col-100 elementor-top-column elementor-element elementor-element-19a3dde\" data-id=\"19a3dde\" data-element_type=\"column\" data-e-type=\"column\">\n\t\t\t<div class=\"elementor-widget-wrap elementor-element-populated\">\n\t\t\t\t\t\t<div class=\"elementor-element elementor-element-fd39b90 elementor-widget elementor-widget-heading\" data-id=\"fd39b90\" data-element_type=\"widget\" data-e-type=\"widget\" data-widget_type=\"heading.default\">\n\t\t\t\t<div class=\"elementor-widget-container\">\n\t\t\t\t\t<h2 class=\"elementor-heading-title elementor-size-default\">Professzion\u00e1lis szerviz szolg\u00e1ltat\u00e1s\n<br> \u00e9s alkatr\u00e9sz \u00e9rt\u00e9kes\u00edt\u00e9s<\/h2>\t\t\t\t<\/div>\n\t\t\t\t<\/div>\n\t\t\t\t\t<\/div>\n\t\t<\/div>\n\t\t\t\t\t<\/div>\n\t\t<\/section>\n\t\t\t\t<section class=\"elementor-section elementor-top-section elementor-element elementor-element-0e36294 elementor-section-boxed elementor-section-height-default elementor-section-height-default\" data-id=\"0e36294\" data-element_type=\"section\" data-e-type=\"section\" data-settings=\"{&quot;jet_parallax_layout_list&quot;:[]}\">\n\t\t\t\t\t\t<div class=\"elementor-container elementor-column-gap-default\">\n\t\t\t\t\t<div class=\"elementor-column elementor-col-100 elementor-top-column elementor-element elementor-element-11cc667\" data-id=\"11cc667\" data-element_type=\"column\" data-e-type=\"column\">\n\t\t\t<div class=\"elementor-widget-wrap elementor-element-populated\">\n\t\t\t\t\t\t<div class=\"elementor-element elementor-element-056469f elementor-widget elementor-widget-text-editor\" data-id=\"056469f\" data-element_type=\"widget\" data-e-type=\"widget\" data-widget_type=\"text-editor.default\">\n\t\t\t\t<div class=\"elementor-widget-container\">\n\t\t\t\t\t\t\t\t\t<p>B\u00fcszk\u00e9n k\u00edn\u00e1ljuk \u00fcgyfeleinknek az \u00e1llattart\u00e1si rendszerekhez \u00e1tfog\u00f3 \u00e9rt\u00e9kes\u00edt\u00e9s ut\u00e1ni gondoz\u00e1st.\u00a0<br \/>Emellett a term\u00e9kekhez sz\u00fcks\u00e9ges alkatr\u00e9szeket is megtal\u00e1lja k\u00edn\u00e1latunkban.\u00a0<br \/>Tapasztalt szakembereinkkel \u00e1llunk az \u00d6n rendelkez\u00e9s\u00e9re \u00e9s k\u00e9szs\u00e9ggel v\u00e1laszolunk minden k\u00e9rd\u00e9s\u00e9re.<\/p><p>Keressen minket bizalommal a\u00a0<a href=\"mailto:szerviz@hatagro.hu\">szerviz@hatagro.hu<\/a>\u00a0email c\u00edmen vagy a +36 20 368 3882 telefonsz\u00e1mon!<\/p><p>A szerviz szolg\u00e1ltat\u00e1s d\u00edja munkanapokon t\u00f6rt\u00e9n\u0151 munkav\u00e9gz\u00e9s eset\u00e9n <strong>15.000,- HUF + \u00c1FA\/\u00f3ra<\/strong>. A szerviz d\u00edjon fel\u00fcl kisz\u00e1ll\u00e1si d\u00edjat sz\u00e1molunk fel <strong>200,- HUF + \u00c1FA\/km<\/strong> szerint<\/p>\t\t\t\t\t\t\t\t<\/div>\n\t\t\t\t<\/div>\n\t\t\t\t\t<\/div>\n\t\t<\/div>\n\t\t\t\t\t<\/div>\n\t\t<\/section>\n\t\t\t\t<\/div>","protected":false},"excerpt":{"rendered":"<p>Professzion\u00e1lis szerviz szolg\u00e1ltat\u00e1s \u00e9s alkatr\u00e9sz \u00e9rt\u00e9kes\u00edt\u00e9s B\u00fcszk\u00e9n k\u00edn\u00e1ljuk \u00fcgyfeleinknek az \u00e1llattart\u00e1si rendszerekhez \u00e1tfog\u00f3 \u00e9rt\u00e9kes\u00edt\u00e9s ut\u00e1ni gondoz\u00e1st.\u00a0Emellett a term\u00e9kekhez sz\u00fcks\u00e9ges alkatr\u00e9szeket is megtal\u00e1lja k\u00edn\u00e1latunkban.\u00a0Tapasztalt szakembereinkkel \u00e1llunk az \u00d6n rendelkez\u00e9s\u00e9re \u00e9s k\u00e9szs\u00e9ggel v\u00e1laszolunk minden k\u00e9rd\u00e9s\u00e9re. Keressen minket bizalommal a\u00a0szerviz@hatagro.hu\u00a0email c\u00edmen vagy a +36 20 368 3882 telefonsz\u00e1mon! A szerviz szolg\u00e1ltat\u00e1s d\u00edja munkanapokon t\u00f6rt\u00e9n\u0151 munkav\u00e9gz\u00e9s eset\u00e9n 15.000,- HUF &#8230; <a title=\"Szerviz\" class=\"read-more\" href=\"https:\/\/hatagro.hu\/en\/szerviz\/\" aria-label=\"Read more about Szerviz\">Read more<\/a><\/p>","protected":false},"author":2,"featured_media":0,"parent":0,"menu_order":0,"comment_status":"closed","ping_status":"closed","template":"elementor_header_footer","meta":{"_gspb_post_css":"","inline_featured_image":false,"footnotes":""},"class_list":["post-2870","page","type-page","status-publish"],"yoast_head":"<!-- This site is optimized with the Yoast SEO plugin v27.1.1 - https:\/\/yoast.com\/product\/yoast-seo-wordpress\/ -->\n<title>Szerviz - Hatagro<\/title>\n<meta name=\"robots\" content=\"index, follow, max-snippet:-1, max-image-preview:large, max-video-preview:-1\" \/>\n<link rel=\"canonical\" href=\"https:\/\/hatagro.hu\/en\/szerviz\/\" \/>\n<meta property=\"og:locale\" content=\"en_GB\" \/>\n<meta property=\"og:type\" content=\"article\" \/>\n<meta property=\"og:title\" content=\"Szerviz - Hatagro\" \/>\n<meta property=\"og:description\" content=\"Professzion\u00e1lis szerviz szolg\u00e1ltat\u00e1s \u00e9s alkatr\u00e9sz \u00e9rt\u00e9kes\u00edt\u00e9s B\u00fcszk\u00e9n k\u00edn\u00e1ljuk \u00fcgyfeleinknek az \u00e1llattart\u00e1si rendszerekhez \u00e1tfog\u00f3 \u00e9rt\u00e9kes\u00edt\u00e9s ut\u00e1ni gondoz\u00e1st.\u00a0Emellett a term\u00e9kekhez sz\u00fcks\u00e9ges alkatr\u00e9szeket is megtal\u00e1lja k\u00edn\u00e1latunkban.\u00a0Tapasztalt szakembereinkkel \u00e1llunk az \u00d6n rendelkez\u00e9s\u00e9re \u00e9s k\u00e9szs\u00e9ggel v\u00e1laszolunk minden k\u00e9rd\u00e9s\u00e9re. Keressen minket bizalommal a\u00a0szerviz@hatagro.hu\u00a0email c\u00edmen vagy a +36 20 368 3882 telefonsz\u00e1mon! A szerviz szolg\u00e1ltat\u00e1s d\u00edja munkanapokon t\u00f6rt\u00e9n\u0151 munkav\u00e9gz\u00e9s eset\u00e9n 15.000,- HUF ... Read more\" \/>\n<meta property=\"og:url\" content=\"https:\/\/hatagro.hu\/en\/szerviz\/\" \/>\n<meta property=\"og:site_name\" content=\"Hatagro\" \/>\n<meta property=\"article:publisher\" content=\"https:\/\/www.facebook.com\/hatagro.csoport\" \/>\n<meta property=\"article:modified_time\" content=\"2025-02-18T14:44:05+00:00\" \/>\n<meta name=\"twitter:card\" content=\"summary_large_image\" \/>\n<meta name=\"twitter:label1\" content=\"Estimated reading time\" \/>\n\t<meta name=\"twitter:data1\" content=\"1 minute\" \/>\n<script type=\"application\/ld+json\" class=\"yoast-schema-graph\">{\"@context\":\"https:\/\/schema.org\",\"@graph\":[{\"@type\":\"WebPage\",\"@id\":\"https:\/\/hatagro.hu\/szerviz\/\",\"url\":\"https:\/\/hatagro.hu\/szerviz\/\",\"name\":\"Szerviz - Hatagro\",\"isPartOf\":{\"@id\":\"https:\/\/hatagro.hu\/#website\"},\"datePublished\":\"2023-08-29T14:54:55+00:00\",\"dateModified\":\"2025-02-18T14:44:05+00:00\",\"breadcrumb\":{\"@id\":\"https:\/\/hatagro.hu\/szerviz\/#breadcrumb\"},\"inLanguage\":\"en-GB\",\"potentialAction\":[{\"@type\":\"ReadAction\",\"target\":[\"https:\/\/hatagro.hu\/szerviz\/\"]}]},{\"@type\":\"BreadcrumbList\",\"@id\":\"https:\/\/hatagro.hu\/szerviz\/#breadcrumb\",\"itemListElement\":[{\"@type\":\"ListItem\",\"position\":1,\"name\":\"Kezd\u0151lap\",\"item\":\"https:\/\/hatagro.hu\/\"},{\"@type\":\"ListItem\",\"position\":2,\"name\":\"Szerviz\"}]},{\"@type\":\"WebSite\",\"@id\":\"https:\/\/hatagro.hu\/#website\",\"url\":\"https:\/\/hatagro.hu\/\",\"name\":\"Hatagro\",\"description\":\"\u00c1llati j\u00f3 megold\u00e1sok m\u00e1r 25 \u00e9ve\",\"publisher\":{\"@id\":\"https:\/\/hatagro.hu\/#organization\"},\"potentialAction\":[{\"@type\":\"SearchAction\",\"target\":{\"@type\":\"EntryPoint\",\"urlTemplate\":\"https:\/\/hatagro.hu\/?s={search_term_string}\"},\"query-input\":{\"@type\":\"PropertyValueSpecification\",\"valueRequired\":true,\"valueName\":\"search_term_string\"}}],\"inLanguage\":\"en-GB\"},{\"@type\":\"Organization\",\"@id\":\"https:\/\/hatagro.hu\/#organization\",\"name\":\"Hatagro\",\"url\":\"https:\/\/hatagro.hu\/\",\"logo\":{\"@type\":\"ImageObject\",\"inLanguage\":\"en-GB\",\"@id\":\"https:\/\/hatagro.hu\/#\/schema\/logo\/image\/\",\"url\":\"https:\/\/hatagro.hu\/wp-content\/uploads\/2023\/04\/fav_25.png\",\"contentUrl\":\"https:\/\/hatagro.hu\/wp-content\/uploads\/2023\/04\/fav_25.png\",\"width\":512,\"height\":512,\"caption\":\"Hatagro\"},\"image\":{\"@id\":\"https:\/\/hatagro.hu\/#\/schema\/logo\/image\/\"},\"sameAs\":[\"https:\/\/www.facebook.com\/hatagro.csoport\"]}]}<\/script>\n<!-- \/ Yoast SEO plugin. -->","yoast_head_json":{"title":"Szerviz - Hatagro","robots":{"index":"index","follow":"follow","max-snippet":"max-snippet:-1","max-image-preview":"max-image-preview:large","max-video-preview":"max-video-preview:-1"},"canonical":"https:\/\/hatagro.hu\/en\/szerviz\/","og_locale":"en_GB","og_type":"article","og_title":"Szerviz - Hatagro","og_description":"Professzion\u00e1lis szerviz szolg\u00e1ltat\u00e1s \u00e9s alkatr\u00e9sz \u00e9rt\u00e9kes\u00edt\u00e9s B\u00fcszk\u00e9n k\u00edn\u00e1ljuk \u00fcgyfeleinknek az \u00e1llattart\u00e1si rendszerekhez \u00e1tfog\u00f3 \u00e9rt\u00e9kes\u00edt\u00e9s ut\u00e1ni gondoz\u00e1st.\u00a0Emellett a term\u00e9kekhez sz\u00fcks\u00e9ges alkatr\u00e9szeket is megtal\u00e1lja k\u00edn\u00e1latunkban.\u00a0Tapasztalt szakembereinkkel \u00e1llunk az \u00d6n rendelkez\u00e9s\u00e9re \u00e9s k\u00e9szs\u00e9ggel v\u00e1laszolunk minden k\u00e9rd\u00e9s\u00e9re. Keressen minket bizalommal a\u00a0szerviz@hatagro.hu\u00a0email c\u00edmen vagy a +36 20 368 3882 telefonsz\u00e1mon! A szerviz szolg\u00e1ltat\u00e1s d\u00edja munkanapokon t\u00f6rt\u00e9n\u0151 munkav\u00e9gz\u00e9s eset\u00e9n 15.000,- HUF ... Read more","og_url":"https:\/\/hatagro.hu\/en\/szerviz\/","og_site_name":"Hatagro","article_publisher":"https:\/\/www.facebook.com\/hatagro.csoport","article_modified_time":"2025-02-18T14:44:05+00:00","twitter_card":"summary_large_image","twitter_misc":{"Estimated reading time":"1 minute"},"schema":{"@context":"https:\/\/schema.org","@graph":[{"@type":"WebPage","@id":"https:\/\/hatagro.hu\/szerviz\/","url":"https:\/\/hatagro.hu\/szerviz\/","name":"Szerviz - Hatagro","isPartOf":{"@id":"https:\/\/hatagro.hu\/#website"},"datePublished":"2023-08-29T14:54:55+00:00","dateModified":"2025-02-18T14:44:05+00:00","breadcrumb":{"@id":"https:\/\/hatagro.hu\/szerviz\/#breadcrumb"},"inLanguage":"en-GB","potentialAction":[{"@type":"ReadAction","target":["https:\/\/hatagro.hu\/szerviz\/"]}]},{"@type":"BreadcrumbList","@id":"https:\/\/hatagro.hu\/szerviz\/#breadcrumb","itemListElement":[{"@type":"ListItem","position":1,"name":"Kezd\u0151lap","item":"https:\/\/hatagro.hu\/"},{"@type":"ListItem","position":2,"name":"Szerviz"}]},{"@type":"WebSite","@id":"https:\/\/hatagro.hu\/#website","url":"https:\/\/hatagro.hu\/","name":"Hatagro","description":"\u00c1llati j\u00f3 megold\u00e1sok m\u00e1r 25 \u00e9ve","publisher":{"@id":"https:\/\/hatagro.hu\/#organization"},"potentialAction":[{"@type":"SearchAction","target":{"@type":"EntryPoint","urlTemplate":"https:\/\/hatagro.hu\/?s={search_term_string}"},"query-input":{"@type":"PropertyValueSpecification","valueRequired":true,"valueName":"search_term_string"}}],"inLanguage":"en-GB"},{"@type":"Organization","@id":"https:\/\/hatagro.hu\/#organization","name":"Hatagro","url":"https:\/\/hatagro.hu\/","logo":{"@type":"ImageObject","inLanguage":"en-GB","@id":"https:\/\/hatagro.hu\/#\/schema\/logo\/image\/","url":"https:\/\/hatagro.hu\/wp-content\/uploads\/2023\/04\/fav_25.png","contentUrl":"https:\/\/hatagro.hu\/wp-content\/uploads\/2023\/04\/fav_25.png","width":512,"height":512,"caption":"Hatagro"},"image":{"@id":"https:\/\/hatagro.hu\/#\/schema\/logo\/image\/"},"sameAs":["https:\/\/www.facebook.com\/hatagro.csoport"]}]}},"_links":{"self":[{"href":"https:\/\/hatagro.hu\/en\/wp-json\/wp\/v2\/pages\/2870","targetHints":{"allow":["GET"]}}],"collection":[{"href":"https:\/\/hatagro.hu\/en\/wp-json\/wp\/v2\/pages"}],"about":[{"href":"https:\/\/hatagro.hu\/en\/wp-json\/wp\/v2\/types\/page"}],"author":[{"embeddable":true,"href":"https:\/\/hatagro.hu\/en\/wp-json\/wp\/v2\/users\/2"}],"replies":[{"embeddable":true,"href":"https:\/\/hatagro.hu\/en\/wp-json\/wp\/v2\/comments?post=2870"}],"version-history":[{"count":5,"href":"https:\/\/hatagro.hu\/en\/wp-json\/wp\/v2\/pages\/2870\/revisions"}],"predecessor-version":[{"id":3903,"href":"https:\/\/hatagro.hu\/en\/wp-json\/wp\/v2\/pages\/2870\/revisions\/3903"}],"wp:attachment":[{"href":"https:\/\/hatagro.hu\/en\/wp-json\/wp\/v2\/media?parent=2870"}],"curies":[{"name":"wp","href":"https:\/\/api.w.org\/{rel}","templated":true}]}}